{"id":4915,"date":"2023-12-20T13:19:25","date_gmt":"2023-12-20T13:19:25","guid":{"rendered":"https:\/\/grupbaucells.com\/?page_id=4915"},"modified":"2023-12-20T13:20:53","modified_gmt":"2023-12-20T13:20:53","slug":"canal-intern","status":"publish","type":"page","link":"https:\/\/grupbaucells.com\/es\/canal-intern\/","title":{"rendered":"Canal Intern Comunicaci\u00f3"},"content":{"rendered":"\n<div class=\"infuse-block infuse-light\" style=\" padding-top:10px; padding-right:10px; padding-bottom:10px; padding-left:10px;\"><div class=\"infuse-container\"><\/p><h3><strong>I.-<\/strong> <strong>SISTEMA INTERNO DE INFORMACI\u00d3N.<\/strong><\/h3><p>En cumplimiento de la Ley 2\/2023, de 20 de Febrero, reguladora de la protecci\u00f3n de las personas que informen sobre infracciones normativas y de lucha contra la corrupci\u00f3n, GRUP BAUCELLS ALIMENTACI\u00d3, SL hace constar que cuenta con un <em>Sistema Intern d \u0301Informaci\u00f3<\/em>, siendo la empresa el responsable del tratamiento de los datos personales de conformidad con lo dispuesto por la legislaci\u00f3n vigente en este \u00e1mbito.<\/p><p>Con la finalidad de fortalecer la cultura de la informaci\u00f3n y de las infraestructuras de dignidad de GRUP BAUCELLS ALIMENTACI\u00d3, SL, y de fomentar la cultura de la comunicaci\u00f3n como mecanismo de prevenci\u00f3n de actividades u omisiones que puedan ser constitutivas de infracciones penales o administrativas graves o muy graves, la empresa ha nombrado, a la persona que ocupa la Direcci\u00f3n Jur\u00eddica como persona <em>Responsable de Cumplimiento Penal,\u00a0 as\u00ed como persona Responsable del Sistema<\/em> y ha activado por varios medios, un <em>Canal Interno de Investigaci\u00f3n<\/em> para poder contactar:<\/p><p style=\"padding-left: 40px;\">&#8211;<strong>Correo ordinario en la direcci\u00f3n:<\/strong> Calle Mol\u00ed del Llobet, n\u00famero 53, Pol\u00edgono Industrial Malloles, de Vic (Barcelona) -a la atenci\u00f3n de la persona Responsable de Cumplimiento Penal y Responsable del Sistema Interno de Informaci\u00f3n-.<br \/>&#8211;<strong>Correo electr\u00f3nico a la direcci\u00f3n:<\/strong> canaletic@grupbaucells.com<br \/>&#8211;<strong>Mediante escrito entregado a la persona Responsable de Cumplimiento Penal y Responsable del Sistema Interno de Investigaci\u00f3n.<\/strong><\/p><p>A solicitud de la persona informante, tambi\u00e9n podr\u00e1 presentarse la comunicaci\u00f3n mediante una reuni\u00f3n presencial con la persona RCP\/RSII, dentro de un plazo m\u00e1ximo de siete d\u00edas.<br \/>Las informaciones verbales realizadas a trav\u00e9s de reuni\u00f3n presencial con la persona RCP, deber\u00e1n documentarse de alguna de las maneras siguientes, previo consentimiento de la persona informante:<\/p><p style=\"padding-left: 40px;\">a) mediante una grabaci\u00f3n de la conversaci\u00f3n en un formato seguro, duradero y accesible<br \/><span style=\"color: #808080;\"><em>(*) Se advertir\u00e1 a la persona informante que la comunicaci\u00f3n ser\u00e1 grabada y se le informar\u00e1 del tratamiento de sus datos de acuerdo con lo establecido en el Reglamento (UE) 2016\/679 del Parlamento Europeo y del Consejo, de 27 de abril de 2016.<\/em><\/span><\/p><p style=\"padding-left: 40px;\">b) a trav\u00e9s de una transcripci\u00f3n completa y exacta de la conversaci\u00f3n realizada por la persona RCP\/RSII.<\/p><p>Sin perjuicio de los derechos que le corresponden de acuerdo con la normativa sobre protecci\u00f3n de datos, se ofrecer\u00e1 a la persona informando la oportunidad de comprobar, rectificar y aceptar mediante su firma la transcripci\u00f3n de la conversaci\u00f3n.<\/p><p>El Sistema Interno de Informaci\u00f3n, cumple con los requisitos del art\u00edculo 5.2 de la Ley de referencia:<\/p><p style=\"padding-left: 40px;\">a).- Permite que las personas a quienes aplica la Ley puedan comunicar informaciones, por varios medios, sobre las infracciones previstas en su art\u00edculo 2.<\/p><p style=\"padding-left: 40px;\">b).- Se gestiona de forma segura, garantizando que las comunicaciones puedan tratarse de forma efectiva dentro de la empresa, as\u00ed como la confidencialidad de la identidad de la persona informante y de cualquier tercera persona mencionada en la comunicaci\u00f3n y de las actuaciones que se desarrollen en la gesti\u00f3n y tramitaci\u00f3n de la misma, as\u00ed como la protecci\u00f3n de datos,\u00a0 impidiendo el acceso de personal no autorizado.<\/p><p style=\"padding-left: 40px;\">c).- Cuenta con un Protocolo de uso de canal interno de informaci\u00f3n y de atenci\u00f3n de la persona Responsable de Cumplimiento Penal y del Sistema Interno de Informaci\u00f3n que establece garant\u00edas para la protecci\u00f3n de las personas informantes:<\/p><p style=\"padding-left: 80px;\">-Justificante de recepci\u00f3n en el plazo de siete d\u00edas naturales siguientes a la recepci\u00f3n de la informaci\u00f3n.<br \/>-Plazo m\u00e1ximo de tres meses para dar respuesta a las actuaciones de la investigaci\u00f3n, en los t\u00e9rminos del art\u00edculo 9 de la Ley, cumplimentando y custodiando de forma diligente un Libro-Registro de Informaciones.<br \/>-Posibilidad de mantener la comunicaci\u00f3n con la persona informante.<br \/>-Establecimiento del derecho de la persona afectada a que se le informe de las acciones u omisiones que se le atribuyen y a ser escuchada.<br \/>-Garant\u00eda de confidencialidad cuando la comunicaci\u00f3n sea remitida por canales de denuncia que no sean los establecidos o a personal no responsable de su tratamiento, as\u00ed como la obligaci\u00f3n de que la persona que la reciba, la remita inmediatamente a la persona Responsable del Sistema.<br \/>-Respecto a la presunci\u00f3n de inocencia y al honor de las personas afectadas.<br \/>-Respecto a las disposiciones sobre Protecci\u00f3n de Datos (T\u00edtulo VI Ley de referencia).<br \/>-Compromiso de remisi\u00f3n de la informaci\u00f3n al Ministerio Fiscal con car\u00e1cter inmediato, cuando los hechos pudieran ser indiciariamente constitutivos de delito.<\/p><p><strong>II.- TRATAMIENTO DE DATOS PERSONALES.<\/strong><\/p><p>GRUP BAUCELLS ALIMENTACI\u00d3, SL tratar\u00e1 los datos personales incluidos en las comunicaciones que se reciban y queden amparados por la Ley 2\/2023, como responsable del tratamiento, con la finalidad de poder gestionarlas e iniciar, en su caso, el procedimiento de investigaci\u00f3n correspondiente. La base jur\u00eddica del tratamiento ser\u00e1 el cumplimiento de una obligaci\u00f3n legal, derivada de la Ley de referencia. Si la comunicaci\u00f3n contiene datos de car\u00e1cter especial, la base jur\u00eddica ser\u00e1 el inter\u00e9s p\u00fablico esencial y otras previsiones establecidas en el apartado 2 del art. 9.2. del Reglamento (UE) 2016\/679 del Parlamento Europeo y del Consejo de 27 de abril de 2016 relativo a la protecci\u00f3n de las personas f\u00edsicas respecto al tratamiento de datos personales.<br \/><br \/>Asimismo, se \u0301informa que estos datos personales podr\u00e1n ser tratados y cedidos por el personal autorizado para ello \u00fanicamente, cuando resulte necesario para la adopci\u00f3n de medidas correctoras a GRUP BAUCELLS ALIMENTACI\u00d3, SL o la tramitaci\u00f3n de los procedimientos sancionadores o penales que, en su caso, procedan. Los datos personales se conservar\u00e1n el tiempo imprescindible para decidir sobre la procedencia de iniciar una investigaci\u00f3n sobre los hechos informados. En todo caso, si esta decisi\u00f3n no se adoptase en un plazo de tres meses, los datos personales contenidos en la comunicaci\u00f3n se suprimir\u00e1n, salvo la finalidad de mantener evidencia del funcionamiento del sistema.<\/p><p>Tambi\u00e9n ser\u00e1n suprimidos aquellos datos personales no considerados veraces, a excepci\u00f3n de que esta falta de veracidad pueda constituir un il\u00edcito penal, en cuyo caso se guardar\u00e1 la informaci\u00f3n por el tiempo necesario durante el cual se tramite el procedimiento judicial.<\/p><p>Finalmente, se hace constar que en cualquier momento la persona comunicante podr\u00e1 solicitar al responsable del tratamiento, el acceso a sus datos personales, su rectificaci\u00f3n o supresi\u00f3n, o la limitaci\u00f3n de su tratamiento, o a oponerse, as\u00ed como el derecho a la portabilidad de los datos, enviando un escrito acompa\u00f1ado de una fotocopia de su documento de identidad a la direcci\u00f3n calle Mol\u00ed del Llobet,\u00a0 n\u00famero 53, Pol\u00edgono Industrial Malloles, de Vic (Barcelona) o al correo electr\u00f3nico baucells@grupbaucells.com En caso de disconformidad con el tratamiento de sus datos, podr\u00e1 presentar una reclamaci\u00f3n ante la Agencia Espa\u00f1ola de Protecci\u00f3n de Datos, organismo que ostenta la autoridad de control en la materia, ubicada en la C\/ Jorge Juan, 6 (28001) Madrid (<a href=\"http:\/\/www.aepd.es\">www.aepd.es<\/a>).<\/p><p><strong>III.- NO REPRESALIA. <\/strong><\/p><p>GRUP BAUCELLS ALIMENTACI\u00d3, SL se compromete expresamente, a no llevar a cabo actos constitutivos de represalia, incluidas amenazas o tentativas de represalia contra las personas que presenten de buena fe una comunicaci\u00f3n conforme a lo previsto en la Ley 2\/2023, y a aplicar medidas de protecci\u00f3n durante la tramitaci\u00f3n de un expediente, respecto de las personas afectadas por una posible comunicaci\u00f3n.<\/p><p><strong>IV.- EXENCI\u00d3N Y ATENUACI\u00d3N DE LA SANCI\u00d3N.<\/strong><\/p><p>Cuando una persona que hubiera participado en la comisi\u00f3n de la infracci\u00f3n administrativa objeto de la informaci\u00f3n sea la que informe de su existencia mediante la presentaci\u00f3n de la informaci\u00f3n y siempre que \u00e9sta hubiera sido presentada con anterioridad a que hubiera sido notificada la incoaci\u00f3n del procedimiento de investigaci\u00f3n o sancionador, el \u00f3rgano competente para resolver el procedimiento,\u00a0\u00a0 mediante resoluci\u00f3n motivada, podr\u00e1 eximirlo del cumplimiento de la sanci\u00f3n administrativa que le correspondiera siempre que resulten acreditados los extremos mencionados en el art\u00edculo 40 de la Ley de referencia.<\/p><p><span style=\"color: #808080;\"><em>(*) <\/em><em>El canal interno de investigaci\u00f3n permite la presentaci\u00f3n de comunicaciones an\u00f3nimas.<br \/><\/em><em>(**) <\/em><\/span><em><span style=\"color: #808080;\">Si bien siempre que sea posible, el canal interno de denuncias ser\u00e1 preferente, las comunicaciones amparadas por la Ley 2\/2023 podr\u00e1n tambi\u00e9n remitir \u0301s en su caso, cuando el objeto y gravedad de la situaci\u00f3n as\u00ed lo requiera, a la Autoridad Independiente de Protecci\u00f3n del Informante (Oficina Antifraude de Catalu\u00f1a en el \u00e1mbito de la CA de Catalu\u00f1a),\u00a0 al Ministerio Fiscal o a la Fiscal\u00eda Europea, seg\u00fan corresponda.<\/span>\u00a0 <\/em><\/div><\/div>\n\n\n\n\n\n<p><\/p>\n","protected":false},"excerpt":{"rendered":"<p><a href=\"https:\/\/grupbaucells.com\/es\/canal-intern\/\" class=\"more-link style1-button\">Read More<\/a><\/p>","protected":false},"author":1,"featured_media":0,"parent":0,"menu_order":0,"comment_status":"closed","ping_status":"closed","template":"","meta":{"footnotes":""},"class_list":["post-4915","page","type-page","status-publish","hentry"],"translation":{"provider":"WPGlobus","version":"3.0.2","language":"es","enabled_languages":["en","ct","es","de","fr","ja","zh","ko","it"],"languages":{"en":{"title":true,"content":true,"excerpt":false},"ct":{"title":false,"content":false,"excerpt":false},"es":{"title":false,"content":false,"excerpt":false},"de":{"title":false,"content":false,"excerpt":false},"fr":{"title":false,"content":false,"excerpt":false},"ja":{"title":false,"content":false,"excerpt":false},"zh":{"title":false,"content":false,"excerpt":false},"ko":{"title":false,"content":false,"excerpt":false},"it":{"title":false,"content":false,"excerpt":false}}},"yoast_head":"<!-- This site is optimized with the Yoast SEO plugin v27.3 - https:\/\/yoast.com\/product\/yoast-seo-wordpress\/ -->\n<title>Canal Intern Comunicaci\u00f3 - Baucells<\/title>\n<meta name=\"robots\" content=\"index, follow, max-snippet:-1, max-image-preview:large, max-video-preview:-1\" \/>\n<link rel=\"canonical\" href=\"https:\/\/grupbaucells.com\/canal-intern\/\" \/>\n<meta property=\"og:locale\" content=\"es_ES\" \/>\n<meta property=\"og:type\" content=\"article\" \/>\n<meta property=\"og:title\" content=\"Canal Intern Comunicaci\u00f3 - Baucells\" \/>\n<meta property=\"og:url\" content=\"https:\/\/grupbaucells.com\/canal-intern\/\" \/>\n<meta property=\"og:site_name\" content=\"Baucells\" \/>\n<meta property=\"article:modified_time\" content=\"2023-12-20T13:20:53+00:00\" \/>\n<meta name=\"twitter:card\" content=\"summary_large_image\" \/>\n<script type=\"application\/ld+json\" class=\"yoast-schema-graph\">{\"@context\":\"https:\\\/\\\/schema.org\",\"@graph\":[{\"@type\":\"WebPage\",\"@id\":\"https:\\\/\\\/grupbaucells.com\\\/canal-intern\\\/\",\"url\":\"https:\\\/\\\/grupbaucells.com\\\/canal-intern\\\/\",\"name\":\"Canal Intern Comunicaci\u00f3 - Baucells\",\"isPartOf\":{\"@id\":\"https:\\\/\\\/grupbaucells.com\\\/#website\"},\"datePublished\":\"2023-12-20T13:19:25+00:00\",\"dateModified\":\"2023-12-20T13:20:53+00:00\",\"breadcrumb\":{\"@id\":\"https:\\\/\\\/grupbaucells.com\\\/canal-intern\\\/#breadcrumb\"},\"inLanguage\":\"es\",\"potentialAction\":[{\"@type\":\"ReadAction\",\"target\":[\"https:\\\/\\\/grupbaucells.com\\\/canal-intern\\\/\"]}]},{\"@type\":\"BreadcrumbList\",\"@id\":\"https:\\\/\\\/grupbaucells.com\\\/canal-intern\\\/#breadcrumb\",\"itemListElement\":[{\"@type\":\"ListItem\",\"position\":1,\"name\":\"Portada\",\"item\":\"https:\\\/\\\/grupbaucells.com\\\/\"},{\"@type\":\"ListItem\",\"position\":2,\"name\":\"Canal Intern Comunicaci\u00f3\"}]},{\"@type\":\"WebSite\",\"@id\":\"https:\\\/\\\/grupbaucells.com\\\/#website\",\"url\":\"https:\\\/\\\/grupbaucells.com\\\/\",\"name\":\"Baucells\",\"description\":\"\",\"publisher\":{\"@id\":\"https:\\\/\\\/grupbaucells.com\\\/#organization\"},\"potentialAction\":[{\"@type\":\"SearchAction\",\"target\":{\"@type\":\"EntryPoint\",\"urlTemplate\":\"https:\\\/\\\/grupbaucells.com\\\/?s={search_term_string}\"},\"query-input\":{\"@type\":\"PropertyValueSpecification\",\"valueRequired\":true,\"valueName\":\"search_term_string\"}}],\"inLanguage\":\"es\"},{\"@type\":\"Organization\",\"@id\":\"https:\\\/\\\/grupbaucells.com\\\/#organization\",\"name\":\"GRUP BAUCELLS ALIMENTACI\u00d3\",\"url\":\"https:\\\/\\\/grupbaucells.com\\\/\",\"logo\":{\"@type\":\"ImageObject\",\"inLanguage\":\"es\",\"@id\":\"https:\\\/\\\/grupbaucells.com\\\/#\\\/schema\\\/logo\\\/image\\\/\",\"url\":\"https:\\\/\\\/grupbaucells.com\\\/wp-content\\\/uploads\\\/2018\\\/04\\\/baucells_new-1.png\",\"contentUrl\":\"https:\\\/\\\/grupbaucells.com\\\/wp-content\\\/uploads\\\/2018\\\/04\\\/baucells_new-1.png\",\"width\":1243,\"height\":275,\"caption\":\"GRUP BAUCELLS ALIMENTACI\u00d3\"},\"image\":{\"@id\":\"https:\\\/\\\/grupbaucells.com\\\/#\\\/schema\\\/logo\\\/image\\\/\"},\"sameAs\":[\"https:\\\/\\\/es.linkedin.com\\\/company\\\/grupbaucells?trk=similar-companies_org_image\"]}]}<\/script>\n<!-- \/ Yoast SEO plugin. -->","yoast_head_json":{"title":"Canal Intern Comunicaci\u00f3 - Baucells","robots":{"index":"index","follow":"follow","max-snippet":"max-snippet:-1","max-image-preview":"max-image-preview:large","max-video-preview":"max-video-preview:-1"},"canonical":"https:\/\/grupbaucells.com\/canal-intern\/","og_locale":"es_ES","og_type":"article","og_title":"Canal Intern Comunicaci\u00f3 - Baucells","og_url":"https:\/\/grupbaucells.com\/canal-intern\/","og_site_name":"Baucells","article_modified_time":"2023-12-20T13:20:53+00:00","twitter_card":"summary_large_image","schema":{"@context":"https:\/\/schema.org","@graph":[{"@type":"WebPage","@id":"https:\/\/grupbaucells.com\/canal-intern\/","url":"https:\/\/grupbaucells.com\/canal-intern\/","name":"Canal Intern Comunicaci\u00f3 - Baucells","isPartOf":{"@id":"https:\/\/grupbaucells.com\/#website"},"datePublished":"2023-12-20T13:19:25+00:00","dateModified":"2023-12-20T13:20:53+00:00","breadcrumb":{"@id":"https:\/\/grupbaucells.com\/canal-intern\/#breadcrumb"},"inLanguage":"es","potentialAction":[{"@type":"ReadAction","target":["https:\/\/grupbaucells.com\/canal-intern\/"]}]},{"@type":"BreadcrumbList","@id":"https:\/\/grupbaucells.com\/canal-intern\/#breadcrumb","itemListElement":[{"@type":"ListItem","position":1,"name":"Portada","item":"https:\/\/grupbaucells.com\/"},{"@type":"ListItem","position":2,"name":"Canal Intern Comunicaci\u00f3"}]},{"@type":"WebSite","@id":"https:\/\/grupbaucells.com\/#website","url":"https:\/\/grupbaucells.com\/","name":"Baucells","description":"","publisher":{"@id":"https:\/\/grupbaucells.com\/#organization"},"potentialAction":[{"@type":"SearchAction","target":{"@type":"EntryPoint","urlTemplate":"https:\/\/grupbaucells.com\/?s={search_term_string}"},"query-input":{"@type":"PropertyValueSpecification","valueRequired":true,"valueName":"search_term_string"}}],"inLanguage":"es"},{"@type":"Organization","@id":"https:\/\/grupbaucells.com\/#organization","name":"GRUP BAUCELLS ALIMENTACI\u00d3","url":"https:\/\/grupbaucells.com\/","logo":{"@type":"ImageObject","inLanguage":"es","@id":"https:\/\/grupbaucells.com\/#\/schema\/logo\/image\/","url":"https:\/\/grupbaucells.com\/wp-content\/uploads\/2018\/04\/baucells_new-1.png","contentUrl":"https:\/\/grupbaucells.com\/wp-content\/uploads\/2018\/04\/baucells_new-1.png","width":1243,"height":275,"caption":"GRUP BAUCELLS ALIMENTACI\u00d3"},"image":{"@id":"https:\/\/grupbaucells.com\/#\/schema\/logo\/image\/"},"sameAs":["https:\/\/es.linkedin.com\/company\/grupbaucells?trk=similar-companies_org_image"]}]}},"_links":{"self":[{"href":"https:\/\/grupbaucells.com\/es\/wp-json\/wp\/v2\/pages\/4915","targetHints":{"allow":["GET"]}}],"collection":[{"href":"https:\/\/grupbaucells.com\/es\/wp-json\/wp\/v2\/pages"}],"about":[{"href":"https:\/\/grupbaucells.com\/es\/wp-json\/wp\/v2\/types\/page"}],"author":[{"embeddable":true,"href":"https:\/\/grupbaucells.com\/es\/wp-json\/wp\/v2\/users\/1"}],"replies":[{"embeddable":true,"href":"https:\/\/grupbaucells.com\/es\/wp-json\/wp\/v2\/comments?post=4915"}],"version-history":[{"count":4,"href":"https:\/\/grupbaucells.com\/es\/wp-json\/wp\/v2\/pages\/4915\/revisions"}],"predecessor-version":[{"id":4919,"href":"https:\/\/grupbaucells.com\/es\/wp-json\/wp\/v2\/pages\/4915\/revisions\/4919"}],"wp:attachment":[{"href":"https:\/\/grupbaucells.com\/es\/wp-json\/wp\/v2\/media?parent=4915"}],"curies":[{"name":"wp","href":"https:\/\/api.w.org\/{rel}","templated":true}]}}