{"id":3653,"date":"2018-02-16T13:07:39","date_gmt":"2018-02-16T13:07:39","guid":{"rendered":"https:\/\/grupbaucells.com\/?page_id=3653"},"modified":"2018-04-18T13:59:20","modified_gmt":"2018-04-18T13:59:20","slug":"politica-de-privacitat","status":"publish","type":"page","link":"https:\/\/grupbaucells.com\/ct\/politica-de-privacitat\/","title":{"rendered":"Politica de Privacitat"},"content":{"rendered":"<div  class=\"tatsu-fq2109tedsb5w7do tatsu-section    tatsu-clearfix\" data-title=\"\"  data-headerscheme=\"background--dark\"><div class='tatsu-section-pad clearfix' data-padding='90px 0px 90px 0px' data-padding-top='90px'><div class=\"tatsu-row-wrap  tatsu-wrap tatsu-row-one-col tatsu-row-has-one-cols tatsu-medium-gutter tatsu-reg-cols  tatsu-clearfix tatsu-fq2109tefle6mptr\" ><div  class=\"tatsu-row \" ><div  class=\"tatsu-column  tatsu-column-no-bg tatsu-one-col tatsu-column-image- tatsu-column-effect-  tatsu-fq2109tegj93hvnv\" data-animation=\"fadeIn\"   data-parallax-speed=\"0\" style=\"\"><div class=\"tatsu-column-inner \" ><div class=\"tatsu-column-pad-wrap\"><div class=\"tatsu-column-pad\" ><div  class=\"tatsu-single-image tatsu-module align-center tatsu-fq2109teiba62k19  \" data-animation=\"fadeIn\"  ><div class=\"tatsu-single-image-inner \" style=\"width : 539px;\" ><div class = \"tatsu-single-image-padding-wrap\" style = \"padding-bottom : 49.350649350649%;\" ><\/div><img class = \"tatsu-gradient-border\" alt = \"\" title = \"informatica\" src = \"https:\/\/grupbaucells.com\/wp-content\/uploads\/2018\/04\/informatica.jpg\" \/><\/div><style>.tatsu-fq2109teiba62k19 .tatsu-single-image-inner{border-style: solid;max-width: 100%;}<\/style><\/div><div  class=\"tatsu-module tatsu-text-block-wrap tatsu-fq2109tejo16eyc  \"><div class=\"tatsu-text-inner tatsu-align-center  clearfix\" data-animation=\"fadeIn\"  ><style>.tatsu-fq2109tejo16eyc.tatsu-text-block-wrap .tatsu-text-inner{width: 65%;}<\/style>\n<h4 style=\"text-align: left;\"><strong>Identitat del Responsable.<\/strong><\/h4>\n<p style=\"text-align: left;\">En compliment de la llei org\u00e0nica 15\/1999, de desembre, protecci\u00f3 de dades de car\u00e0cter personal, per mitja de la present informa que l\u2019empresa grup Baucells alimentaci\u00f3, aprovisionada amb el NIF n\u00ba B08224602 amb domicili en Pol Ind Malloles \u2013 Carrer Moli Del Llobet, 53, 08500 \u2013 (Vic) \u2013 Barcelona, es la Responsable del tractament de les dades dels usuaris que es subscriguin a la newsletter. <\/p>\n<h4 style=\"text-align: left;\"><strong>Base jur\u00eddica i finalitat de tractament de les dades. <\/strong><\/h4>\n<p style=\"text-align: left;\">El registre a la newsletter es lliure i voluntari per lo que la base legitimadora del tractament de la direcci\u00f3 de correu electr\u00f2nic del usuari es el consentiment del mateix, sense prejudici del dret a revocar el seu consentiment en qualsevol moment o fer us dels drets conforme a la llei de protecci\u00f3 de dades.<\/p>\n<p>La finalitat del tractament de les dades del usuari, en concret la direcci\u00f3 de correu electr\u00f2nic, es \u00fanica i exclusivament per possibilitar el enviament de la newsletter.\n<\/p>\n<h4 style=\"text-align: left;\"><strong>Enlla\u00e7os a tercers.<\/strong><\/h4>\n<p style=\"text-align: left;\">EAquest lloc web pot contenir enlla\u00e7os a tercers, que poden ser del seu inter\u00e8s. Un cop vost\u00e8 abandoni la nostra pagina, ja no som responsables dels termes, la privacitat, ni la protecci\u00f3 de les seves dades en aquests llocs. Aquests estan subjectes a les seves pr\u00f2pies pol\u00edtiques de privacitat. <\/p>\n<h4 style=\"text-align: left;\"><strong>Drets en mat\u00e8ria de protecci\u00f3 de dades.  <\/strong><\/h4>\n<p style=\"text-align: left;\">En tot moment el usuari podr\u00e0 dur a terme els drets d\u2019acc\u00e9s, rectificaci\u00f3, cancel\u00b7laci\u00f3 i oposici\u00f3,  a la url adjunta o be  en cada newsletter que rebi, on podr\u00e0 donar-se de baixa. <br \/>\nhttps:\/\/grupbaucells.us17.list-manage.com\/unsubscribe?u=102d42ab55f0cc8b7d6d7e736&#038;id=4565dc2d6e<\/p>\n<p>Aquesta companyia no vendr\u00e0, cedir\u00e0, ni distribuir\u00e0 la informaci\u00f3 personal que es recopilada, sense el seu consentiment, exceptuant si es requerit per un jutge amb un ordre judicial. <br \/>\nGrup Baucells alimentaci\u00f3 es reserva el dret de canviar els termes i les condicions de la present pol\u00edtica de privacitat.\n<\/p>\n<h4 style=\"text-align: left;\"><strong>Termini de conservaci\u00f3 de dades.<\/strong><\/h4>\n<p style=\"text-align: left;\">La direcci\u00f3 de correu del usuari ser\u00e0 tractada \u00fanicament per el enviament de la newsletter mentre el usuari no revoqui el seu consentiment en aquest sentit, o efectu\u00ed el seu dret a la protecci\u00f3 de dades.  <br \/>\nUn cop sigui revocat el seu consentiment, les dades seran bloquejades i reservades de forma restringida a disposici\u00f3 de les autoritats competents durant un termini de 2 anys, per atendre possibles responsabilitats que puguin derivar-se en mat\u00e8ria de protecci\u00f3 de dades.\n<\/p>\n<p>\u00a0<\/p>\n<\/div><\/div><\/div><\/div><div class = \"tatsu-column-bg-image-wrap\"><div class = \"tatsu-column-bg-image\" ><\/div><\/div><\/div><style>.tatsu-fq2109tegj93hvnv.tatsu-column > .tatsu-column-inner > .tatsu-column-pad-wrap > .tatsu-column-pad{padding: 0px 0px 0px 0px;}.tatsu-fq2109tegj93hvnv.tatsu-column > .tatsu-column-inner > .tatsu-column-overlay{mix-blend-mode: none;}.tatsu-fq2109tegj93hvnv > .tatsu-column-inner > .tatsu-top-divider{z-index: 9999;}.tatsu-fq2109tegj93hvnv > .tatsu-column-inner > .tatsu-bottom-divider{z-index: 9999;}.tatsu-fq2109tegj93hvnv > .tatsu-column-inner > .tatsu-left-divider{z-index: 9999;}.tatsu-fq2109tegj93hvnv > .tatsu-column-inner > .tatsu-right-divider{z-index: 9999;}.tatsu-fq2109tegj93hvnv.tatsu-column{transform: translate3d(0px,0px, 0);}<\/style><\/div><\/div><\/div><\/div><div class=\"tatsu-section-background-wrap\"><div class = \"tatsu-section-background\" ><\/div><\/div><style>.tatsu-fq2109tedsb5w7do .tatsu-section-pad{padding: 90px 0px 90px 0px;}.tatsu-fq2109tedsb5w7do.tatsu-section{margin: 0px 0px 0px 0px;}.tatsu-fq2109tedsb5w7do > .tatsu-bottom-divider{z-index: 9999;}.tatsu-fq2109tedsb5w7do > .tatsu-top-divider{z-index: 9999;}<\/style><\/div>\n","protected":false},"excerpt":{"rendered":"<p><a href=\"https:\/\/grupbaucells.com\/ct\/politica-de-privacitat\/\" class=\"more-link style1-button\">Read More<\/a><\/p>","protected":false},"author":1,"featured_media":0,"parent":0,"menu_order":0,"comment_status":"closed","ping_status":"closed","template":"","meta":{"footnotes":""},"class_list":["post-3653","page","type-page","status-publish","hentry"],"translation":{"provider":"WPGlobus","version":"3.0.2","language":"ct","enabled_languages":["en","ct","es","de","fr","ja","zh","ko","it"],"languages":{"en":{"title":true,"content":true,"excerpt":false},"ct":{"title":true,"content":true,"excerpt":false},"es":{"title":true,"content":true,"excerpt":false},"de":{"title":false,"content":false,"excerpt":false},"fr":{"title":false,"content":false,"excerpt":false},"ja":{"title":true,"content":true,"excerpt":false},"zh":{"title":true,"content":true,"excerpt":false},"ko":{"title":true,"content":true,"excerpt":false},"it":{"title":false,"content":false,"excerpt":false}}},"yoast_head":"<!-- This site is optimized with the Yoast SEO plugin v27.3 - https:\/\/yoast.com\/product\/yoast-seo-wordpress\/ -->\n<title>Politica de Privacitat - Baucells<\/title>\n<meta name=\"robots\" content=\"index, follow, max-snippet:-1, max-image-preview:large, max-video-preview:-1\" \/>\n<link rel=\"canonical\" href=\"https:\/\/grupbaucells.com\/ct\/politica-de-privacitat\/\" \/>\n<meta property=\"og:locale\" content=\"es_ES\" \/>\n<meta property=\"og:type\" content=\"article\" \/>\n<meta property=\"og:title\" content=\"Politica de Privacitat - Baucells\" \/>\n<meta property=\"og:url\" content=\"https:\/\/grupbaucells.com\/ct\/politica-de-privacitat\/\" \/>\n<meta property=\"og:site_name\" content=\"Baucells\" \/>\n<meta property=\"article:modified_time\" content=\"2018-04-18T13:59:20+00:00\" \/>\n<meta name=\"twitter:card\" content=\"summary_large_image\" \/>\n<meta name=\"twitter:label1\" content=\"Est. reading time\" \/>\n\t<meta name=\"twitter:data1\" content=\"15 minutes\" \/>\n<script type=\"application\/ld+json\" class=\"yoast-schema-graph\">{\"@context\":\"https:\\\/\\\/schema.org\",\"@graph\":[{\"@type\":\"WebPage\",\"@id\":\"https:\\\/\\\/grupbaucells.com\\\/ct\\\/politica-de-privacitat\\\/\",\"url\":\"https:\\\/\\\/grupbaucells.com\\\/ct\\\/politica-de-privacitat\\\/\",\"name\":\"Politica de Privacitat - Baucells\",\"isPartOf\":{\"@id\":\"https:\\\/\\\/grupbaucells.com\\\/#website\"},\"datePublished\":\"2018-02-16T13:07:39+00:00\",\"dateModified\":\"2018-04-18T13:59:20+00:00\",\"breadcrumb\":{\"@id\":\"https:\\\/\\\/grupbaucells.com\\\/ct\\\/politica-de-privacitat\\\/#breadcrumb\"},\"inLanguage\":\"es-cat\",\"potentialAction\":[{\"@type\":\"ReadAction\",\"target\":[\"https:\\\/\\\/grupbaucells.com\\\/ct\\\/politica-de-privacitat\\\/\"]}]},{\"@type\":\"BreadcrumbList\",\"@id\":\"https:\\\/\\\/grupbaucells.com\\\/ct\\\/politica-de-privacitat\\\/#breadcrumb\",\"itemListElement\":[{\"@type\":\"ListItem\",\"position\":1,\"name\":\"Portada\",\"item\":\"https:\\\/\\\/grupbaucells.com\\\/\"},{\"@type\":\"ListItem\",\"position\":2,\"name\":\"Politica de Privacitat\"}]},{\"@type\":\"WebSite\",\"@id\":\"https:\\\/\\\/grupbaucells.com\\\/#website\",\"url\":\"https:\\\/\\\/grupbaucells.com\\\/\",\"name\":\"Baucells\",\"description\":\"\",\"publisher\":{\"@id\":\"https:\\\/\\\/grupbaucells.com\\\/#organization\"},\"potentialAction\":[{\"@type\":\"SearchAction\",\"target\":{\"@type\":\"EntryPoint\",\"urlTemplate\":\"https:\\\/\\\/grupbaucells.com\\\/?s={search_term_string}\"},\"query-input\":{\"@type\":\"PropertyValueSpecification\",\"valueRequired\":true,\"valueName\":\"search_term_string\"}}],\"inLanguage\":\"es-cat\"},{\"@type\":\"Organization\",\"@id\":\"https:\\\/\\\/grupbaucells.com\\\/#organization\",\"name\":\"GRUP BAUCELLS ALIMENTACI\u00d3\",\"url\":\"https:\\\/\\\/grupbaucells.com\\\/\",\"logo\":{\"@type\":\"ImageObject\",\"inLanguage\":\"es-cat\",\"@id\":\"https:\\\/\\\/grupbaucells.com\\\/#\\\/schema\\\/logo\\\/image\\\/\",\"url\":\"https:\\\/\\\/grupbaucells.com\\\/wp-content\\\/uploads\\\/2018\\\/04\\\/baucells_new-1.png\",\"contentUrl\":\"https:\\\/\\\/grupbaucells.com\\\/wp-content\\\/uploads\\\/2018\\\/04\\\/baucells_new-1.png\",\"width\":1243,\"height\":275,\"caption\":\"GRUP BAUCELLS ALIMENTACI\u00d3\"},\"image\":{\"@id\":\"https:\\\/\\\/grupbaucells.com\\\/#\\\/schema\\\/logo\\\/image\\\/\"},\"sameAs\":[\"https:\\\/\\\/es.linkedin.com\\\/company\\\/grupbaucells?trk=similar-companies_org_image\"]}]}<\/script>\n<!-- \/ Yoast SEO plugin. -->","yoast_head_json":{"title":"Politica de Privacitat - Baucells","robots":{"index":"index","follow":"follow","max-snippet":"max-snippet:-1","max-image-preview":"max-image-preview:large","max-video-preview":"max-video-preview:-1"},"canonical":"https:\/\/grupbaucells.com\/ct\/politica-de-privacitat\/","og_locale":"es_ES","og_type":"article","og_title":"Politica de Privacitat - Baucells","og_url":"https:\/\/grupbaucells.com\/ct\/politica-de-privacitat\/","og_site_name":"Baucells","article_modified_time":"2018-04-18T13:59:20+00:00","twitter_card":"summary_large_image","twitter_misc":{"Est. reading time":"15 minutes"},"schema":{"@context":"https:\/\/schema.org","@graph":[{"@type":"WebPage","@id":"https:\/\/grupbaucells.com\/ct\/politica-de-privacitat\/","url":"https:\/\/grupbaucells.com\/ct\/politica-de-privacitat\/","name":"Politica de Privacitat - Baucells","isPartOf":{"@id":"https:\/\/grupbaucells.com\/#website"},"datePublished":"2018-02-16T13:07:39+00:00","dateModified":"2018-04-18T13:59:20+00:00","breadcrumb":{"@id":"https:\/\/grupbaucells.com\/ct\/politica-de-privacitat\/#breadcrumb"},"inLanguage":"es-cat","potentialAction":[{"@type":"ReadAction","target":["https:\/\/grupbaucells.com\/ct\/politica-de-privacitat\/"]}]},{"@type":"BreadcrumbList","@id":"https:\/\/grupbaucells.com\/ct\/politica-de-privacitat\/#breadcrumb","itemListElement":[{"@type":"ListItem","position":1,"name":"Portada","item":"https:\/\/grupbaucells.com\/"},{"@type":"ListItem","position":2,"name":"Politica de Privacitat"}]},{"@type":"WebSite","@id":"https:\/\/grupbaucells.com\/#website","url":"https:\/\/grupbaucells.com\/","name":"Baucells","description":"","publisher":{"@id":"https:\/\/grupbaucells.com\/#organization"},"potentialAction":[{"@type":"SearchAction","target":{"@type":"EntryPoint","urlTemplate":"https:\/\/grupbaucells.com\/?s={search_term_string}"},"query-input":{"@type":"PropertyValueSpecification","valueRequired":true,"valueName":"search_term_string"}}],"inLanguage":"es-cat"},{"@type":"Organization","@id":"https:\/\/grupbaucells.com\/#organization","name":"GRUP BAUCELLS ALIMENTACI\u00d3","url":"https:\/\/grupbaucells.com\/","logo":{"@type":"ImageObject","inLanguage":"es-cat","@id":"https:\/\/grupbaucells.com\/#\/schema\/logo\/image\/","url":"https:\/\/grupbaucells.com\/wp-content\/uploads\/2018\/04\/baucells_new-1.png","contentUrl":"https:\/\/grupbaucells.com\/wp-content\/uploads\/2018\/04\/baucells_new-1.png","width":1243,"height":275,"caption":"GRUP BAUCELLS ALIMENTACI\u00d3"},"image":{"@id":"https:\/\/grupbaucells.com\/#\/schema\/logo\/image\/"},"sameAs":["https:\/\/es.linkedin.com\/company\/grupbaucells?trk=similar-companies_org_image"]}]}},"_links":{"self":[{"href":"https:\/\/grupbaucells.com\/ct\/wp-json\/wp\/v2\/pages\/3653","targetHints":{"allow":["GET"]}}],"collection":[{"href":"https:\/\/grupbaucells.com\/ct\/wp-json\/wp\/v2\/pages"}],"about":[{"href":"https:\/\/grupbaucells.com\/ct\/wp-json\/wp\/v2\/types\/page"}],"author":[{"embeddable":true,"href":"https:\/\/grupbaucells.com\/ct\/wp-json\/wp\/v2\/users\/1"}],"replies":[{"embeddable":true,"href":"https:\/\/grupbaucells.com\/ct\/wp-json\/wp\/v2\/comments?post=3653"}],"version-history":[{"count":28,"href":"https:\/\/grupbaucells.com\/ct\/wp-json\/wp\/v2\/pages\/3653\/revisions"}],"predecessor-version":[{"id":4575,"href":"https:\/\/grupbaucells.com\/ct\/wp-json\/wp\/v2\/pages\/3653\/revisions\/4575"}],"wp:attachment":[{"href":"https:\/\/grupbaucells.com\/ct\/wp-json\/wp\/v2\/media?parent=3653"}],"curies":[{"name":"wp","href":"https:\/\/api.w.org\/{rel}","templated":true}]}}