{"id":153,"date":"2017-09-22T10:28:54","date_gmt":"2017-09-22T10:28:54","guid":{"rendered":"https:\/\/grupbaucells.com\/politica-de-cookies\/"},"modified":"2018-04-24T07:37:06","modified_gmt":"2018-04-24T07:37:06","slug":"politica-de-cookies","status":"publish","type":"page","link":"https:\/\/grupbaucells.com\/ct\/politica-de-cookies\/","title":{"rendered":"Pol\u00edtica de cookies"},"content":{"rendered":"<div  class=\"tatsu-fq2370slof7dyn8s tatsu-section    tatsu-clearfix\" data-title=\"\"  data-headerscheme=\"background--dark\"><div class='tatsu-section-pad clearfix' data-padding='90px 0px 90px 0px' data-padding-top='90px'><div class=\"tatsu-row-wrap  tatsu-wrap tatsu-row-one-col tatsu-row-has-one-cols tatsu-medium-gutter tatsu-reg-cols  tatsu-clearfix tatsu-fq2370slpid8p679\" ><div  class=\"tatsu-row \" ><div  class=\"tatsu-column  tatsu-column-no-bg tatsu-one-col tatsu-column-image- tatsu-column-effect-  tatsu-fq2370slq0er1tbe\" data-animation=\"fadeIn\"   data-parallax-speed=\"0\" style=\"\"><div class=\"tatsu-column-inner \" ><div class=\"tatsu-column-pad-wrap\"><div class=\"tatsu-column-pad\" ><div  class=\"tatsu-module tatsu-text-block-wrap tatsu-fq2370slr329incb  \"><div class=\"tatsu-text-inner tatsu-align-center  clearfix\" data-animation=\"fadeIn\"  ><style>.tatsu-fq2370slr329incb.tatsu-text-block-wrap .tatsu-text-inner{width: 53%;}<\/style>\n<\/p>\n<p><strong>Pol\u00edtica de cookies<\/strong><\/h2>\n<p>Una <em>cookie<\/em> es un petit fitxer de text que s\u2019emmagatzema al seu navegador quan visita casi qualsevol p\u00e0gina web. La seva utilitat es que la web sigui capa\u00e7 de recordar la seva visita quan torni a navegar per la mateixa p\u00e0gina. Las <em>cookies<\/em> solen guardar informaci\u00f3 de car\u00e0cter t\u00e8cnic, prefer\u00e8ncies personals, personalitzaci\u00f3 de continguts, estad\u00edstiques de us, enlla\u00e7os a xarxes socials, acc\u00e9s a contes d\u2019usuari, etc. El objectiu de la <em>cookie<\/em> es adaptar el contingut de la web al seu perfil i necessitats, sense <em>cookies<\/em> els serveis oferts per qualsevol p\u00e0gina es veurien afectats notablement. Si desitja consultar m\u00e9s informaci\u00f3 sobre qu\u00e8 son las <em>cookies<\/em>, qu\u00e8 guarden, com eliminar-les, desactivar-les, etc., <a href=\"https:\/\/grupbaucells.com\/mas-informacion-sobre-las-cookies\/\">accedeixi a aquest enlla\u00e7.<\/a><\/p>\n<h4><strong>Cookies utilitzades en aquest lloc web<\/strong><\/h4>\n<p>Seguint les directrius de la Agencia Espa\u00f1ola de Protecci\u00f3 de Dades procedim a detallar el us de <em>cookies<\/em> que es fa \u00a0en aquesta web amb la finalitat d\u2019informar-lo amb la m\u00e0xima exactitud possible.<\/p>\n<p>Aquest lloc web utilitza les seg\u00fcents <strong>cookies pr\u00f2pies<\/strong>:<\/p>\n<ul>\n<li>Cookies de sessi\u00f3, per garantir que els usuaris que escriguin comentaris en el blog siguin humans i no aplicacions automatitzades. D\u2019aquesta forma es combat el <em>spam<\/em>.<\/li>\n<\/ul>\n<p>Aquest lloc web utilitza les seg\u00fcents <strong>cookies de tercers<\/strong>:<\/p>\n<ul>\n<li>Google Analytics: Guarda <em>cookies<\/em> per a poder elaborar estad\u00edstiques sobre el tr\u00e0fic i el volum de visites de la web. Al utilitzar aquest lloc web est\u00e0 consentint el tractament de informaci\u00f3 sobre vost\u00e8 per part de Google. Per tant, el excercici de qualsevol dret en aquest sentit l\u2019haur\u00e0 de comunicar directament a Google.<\/li>\n<li>Xarxes socials: Cada xarxa social utilitza les seves propies <em>cookies<\/em> per que vost\u00e8 pugui clicar a botons del tipus <em>M\u2019agrada<\/em> o <em>Compartir<\/em>.<\/li>\n<\/ul>\n<h4><strong>Desactivaci\u00f3 o eliminaci\u00f3 de cookies<\/strong><\/h4>\n<p>En qualsevol moment podr\u00e0 exercir el seu dret de desactivaci\u00f3 o eliminaci\u00f3 de cookies de aquest lloc web. Aquestes accions es realitzen de forma diferent en funci\u00f3 del navegador que estigui utilitzant. <a href=\"https:\/\/grupbaucells.com\/mas-informacion-sobre-las-cookies\/#navegadores\"><u>Aqu\u00ed trobar\u00e0 una guia r\u00e0pida per als navegadors m\u00e9s populars<\/u>.<\/a><\/p>\n<h4><strong>Notes addicionals<\/strong><\/h4>\n<ul>\n<li>Ni aquesta web ni els seus representants legals es fan responsables ni del contingut ni de la veracitat de les pol\u00edtiques de privacitat que puguin tenir els tercers mencionats en aquesta pol\u00edtica de <em>cookies<\/em>.<\/li>\n<li>Els navegadors web son les eines encarregades de emmagatzemar les <em>cookies<\/em> i des de aquest lloc s\u2019ha d\u2019efectuar el seu dret a l\u2019eliminaci\u00f3 o desactivaci\u00f3 de elles. Ni aquesta web ni els seus representants legals poden garantir la correcta o incorrecta manipulaci\u00f3 de las <em>cookies<\/em> per part dels esmentats navegadors.<\/li>\n<li>En alguns casos es necessari instal\u00b7lar <em>cookies<\/em> per que el navegador no oblidi la seva decisi\u00f3 de no acceptaci\u00f3 de les mateixes.<\/li>\n<li>En el cas de las <em>cookies<\/em> de Google Analytics, aquesta empresa emmagatzema les <em>cookies<\/em> en servidors ubicats a Estats Units i es compromet a no compartir-la amb tercers, excepte en els casos en els que sigui necessari per el funcionament del sistema o quan la llei obligui a tal efecte. Segons Google no guarda la seva direcci\u00f3 IP. Google Inc. es una companyia adherida al Acord de Puerto Seguro que garanteix que les dades transferides seran tractades amb un nivell de protecci\u00f3 acord a la normativa europea. Pot consultar la informaci\u00f3 detallada <u>en aquest enlla\u00e7<\/u>. Si desitja informaci\u00f3 sobre el us que Google dona a les cookies <a href=\"https:\/\/developers.google.com\/analytics\/devguides\/collection\/analyticsjs\/cookie-usage?hl=es&#038;csw=1\">li adjuntem aquest altre enlla\u00e7<\/a>.<\/li>\n<li>Per a qualsevol dubte o consulta sobre aquesta pol\u00edtica de <em>cookies<\/em> no dubti en comunicar-se amb nosaltres a trav\u00e9s de la secci\u00f3 de contacte.<\/li>\n<\/ul>\n<p>\n<\/div><\/div><\/div><\/div><div class = \"tatsu-column-bg-image-wrap\"><div class = \"tatsu-column-bg-image\" ><\/div><\/div><\/div><style>.tatsu-fq2370slq0er1tbe.tatsu-column > .tatsu-column-inner > .tatsu-column-pad-wrap > .tatsu-column-pad{padding: 0px 0px 0px 0px;}.tatsu-fq2370slq0er1tbe.tatsu-column > .tatsu-column-inner > .tatsu-column-overlay{mix-blend-mode: none;}.tatsu-fq2370slq0er1tbe > .tatsu-column-inner > .tatsu-top-divider{z-index: 9999;}.tatsu-fq2370slq0er1tbe > .tatsu-column-inner > .tatsu-bottom-divider{z-index: 9999;}.tatsu-fq2370slq0er1tbe > .tatsu-column-inner > .tatsu-left-divider{z-index: 9999;}.tatsu-fq2370slq0er1tbe > .tatsu-column-inner > .tatsu-right-divider{z-index: 9999;}.tatsu-fq2370slq0er1tbe.tatsu-column{transform: translate3d(0px,0px, 0);}<\/style><\/div><\/div><\/div><\/div><div class=\"tatsu-section-background-wrap\"><div class = \"tatsu-section-background\" ><\/div><\/div><style>.tatsu-fq2370slof7dyn8s .tatsu-section-pad{padding: 90px 0px 90px 0px;}.tatsu-fq2370slof7dyn8s.tatsu-section{margin: 0px 0px 0px 0px;}.tatsu-fq2370slof7dyn8s > .tatsu-bottom-divider{z-index: 9999;}.tatsu-fq2370slof7dyn8s > .tatsu-top-divider{z-index: 9999;}<\/style><\/div>\n","protected":false},"excerpt":{"rendered":"<p><a href=\"https:\/\/grupbaucells.com\/ct\/politica-de-cookies\/\" class=\"more-link style1-button\">Read More<\/a><\/p>","protected":false},"author":1,"featured_media":0,"parent":0,"menu_order":0,"comment_status":"closed","ping_status":"closed","template":"","meta":{"footnotes":""},"class_list":["post-153","page","type-page","status-publish","hentry"],"translation":{"provider":"WPGlobus","version":"3.0.2","language":"ct","enabled_languages":["en","ct","es","de","fr","ja","zh","ko","it"],"languages":{"en":{"title":true,"content":true,"excerpt":false},"ct":{"title":true,"content":true,"excerpt":false},"es":{"title":true,"content":true,"excerpt":false},"de":{"title":false,"content":false,"excerpt":false},"fr":{"title":false,"content":false,"excerpt":false},"ja":{"title":true,"content":true,"excerpt":false},"zh":{"title":true,"content":true,"excerpt":false},"ko":{"title":true,"content":true,"excerpt":false},"it":{"title":false,"content":false,"excerpt":false}}},"yoast_head":"<!-- This site is optimized with the Yoast SEO plugin v27.3 - https:\/\/yoast.com\/product\/yoast-seo-wordpress\/ -->\n<title>Pol\u00edtica de cookies - Baucells<\/title>\n<meta name=\"robots\" content=\"index, follow, max-snippet:-1, max-image-preview:large, max-video-preview:-1\" \/>\n<link rel=\"canonical\" href=\"https:\/\/grupbaucells.com\/politica-de-cookies\/\" \/>\n<meta property=\"og:locale\" content=\"es_ES\" \/>\n<meta property=\"og:type\" content=\"article\" \/>\n<meta property=\"og:title\" content=\"Pol\u00edtica de cookies - Baucells\" \/>\n<meta property=\"og:url\" content=\"https:\/\/grupbaucells.com\/politica-de-cookies\/\" \/>\n<meta property=\"og:site_name\" content=\"Baucells\" \/>\n<meta property=\"article:modified_time\" content=\"2018-04-24T07:37:06+00:00\" \/>\n<meta name=\"twitter:card\" content=\"summary_large_image\" \/>\n<meta name=\"twitter:label1\" content=\"Est. reading time\" \/>\n\t<meta name=\"twitter:data1\" content=\"13 minutes\" \/>\n<script type=\"application\/ld+json\" class=\"yoast-schema-graph\">{\"@context\":\"https:\\\/\\\/schema.org\",\"@graph\":[{\"@type\":\"WebPage\",\"@id\":\"https:\\\/\\\/grupbaucells.com\\\/politica-de-cookies\\\/\",\"url\":\"https:\\\/\\\/grupbaucells.com\\\/politica-de-cookies\\\/\",\"name\":\"Pol\u00edtica de cookies - Baucells\",\"isPartOf\":{\"@id\":\"https:\\\/\\\/grupbaucells.com\\\/#website\"},\"datePublished\":\"2017-09-22T10:28:54+00:00\",\"dateModified\":\"2018-04-24T07:37:06+00:00\",\"breadcrumb\":{\"@id\":\"https:\\\/\\\/grupbaucells.com\\\/politica-de-cookies\\\/#breadcrumb\"},\"inLanguage\":\"es-cat\",\"potentialAction\":[{\"@type\":\"ReadAction\",\"target\":[\"https:\\\/\\\/grupbaucells.com\\\/politica-de-cookies\\\/\"]}]},{\"@type\":\"BreadcrumbList\",\"@id\":\"https:\\\/\\\/grupbaucells.com\\\/politica-de-cookies\\\/#breadcrumb\",\"itemListElement\":[{\"@type\":\"ListItem\",\"position\":1,\"name\":\"Portada\",\"item\":\"https:\\\/\\\/grupbaucells.com\\\/\"},{\"@type\":\"ListItem\",\"position\":2,\"name\":\"Cookies POLICITY\"}]},{\"@type\":\"WebSite\",\"@id\":\"https:\\\/\\\/grupbaucells.com\\\/#website\",\"url\":\"https:\\\/\\\/grupbaucells.com\\\/\",\"name\":\"Baucells\",\"description\":\"\",\"publisher\":{\"@id\":\"https:\\\/\\\/grupbaucells.com\\\/#organization\"},\"potentialAction\":[{\"@type\":\"SearchAction\",\"target\":{\"@type\":\"EntryPoint\",\"urlTemplate\":\"https:\\\/\\\/grupbaucells.com\\\/?s={search_term_string}\"},\"query-input\":{\"@type\":\"PropertyValueSpecification\",\"valueRequired\":true,\"valueName\":\"search_term_string\"}}],\"inLanguage\":\"es-cat\"},{\"@type\":\"Organization\",\"@id\":\"https:\\\/\\\/grupbaucells.com\\\/#organization\",\"name\":\"GRUP BAUCELLS ALIMENTACI\u00d3\",\"url\":\"https:\\\/\\\/grupbaucells.com\\\/\",\"logo\":{\"@type\":\"ImageObject\",\"inLanguage\":\"es-cat\",\"@id\":\"https:\\\/\\\/grupbaucells.com\\\/#\\\/schema\\\/logo\\\/image\\\/\",\"url\":\"https:\\\/\\\/grupbaucells.com\\\/wp-content\\\/uploads\\\/2018\\\/04\\\/baucells_new-1.png\",\"contentUrl\":\"https:\\\/\\\/grupbaucells.com\\\/wp-content\\\/uploads\\\/2018\\\/04\\\/baucells_new-1.png\",\"width\":1243,\"height\":275,\"caption\":\"GRUP BAUCELLS ALIMENTACI\u00d3\"},\"image\":{\"@id\":\"https:\\\/\\\/grupbaucells.com\\\/#\\\/schema\\\/logo\\\/image\\\/\"},\"sameAs\":[\"https:\\\/\\\/es.linkedin.com\\\/company\\\/grupbaucells?trk=similar-companies_org_image\"]}]}<\/script>\n<!-- \/ Yoast SEO plugin. -->","yoast_head_json":{"title":"Pol\u00edtica de cookies - Baucells","robots":{"index":"index","follow":"follow","max-snippet":"max-snippet:-1","max-image-preview":"max-image-preview:large","max-video-preview":"max-video-preview:-1"},"canonical":"https:\/\/grupbaucells.com\/politica-de-cookies\/","og_locale":"es_ES","og_type":"article","og_title":"Pol\u00edtica de cookies - Baucells","og_url":"https:\/\/grupbaucells.com\/politica-de-cookies\/","og_site_name":"Baucells","article_modified_time":"2018-04-24T07:37:06+00:00","twitter_card":"summary_large_image","twitter_misc":{"Est. reading time":"13 minutes"},"schema":{"@context":"https:\/\/schema.org","@graph":[{"@type":"WebPage","@id":"https:\/\/grupbaucells.com\/politica-de-cookies\/","url":"https:\/\/grupbaucells.com\/politica-de-cookies\/","name":"Pol\u00edtica de cookies - Baucells","isPartOf":{"@id":"https:\/\/grupbaucells.com\/#website"},"datePublished":"2017-09-22T10:28:54+00:00","dateModified":"2018-04-24T07:37:06+00:00","breadcrumb":{"@id":"https:\/\/grupbaucells.com\/politica-de-cookies\/#breadcrumb"},"inLanguage":"es-cat","potentialAction":[{"@type":"ReadAction","target":["https:\/\/grupbaucells.com\/politica-de-cookies\/"]}]},{"@type":"BreadcrumbList","@id":"https:\/\/grupbaucells.com\/politica-de-cookies\/#breadcrumb","itemListElement":[{"@type":"ListItem","position":1,"name":"Portada","item":"https:\/\/grupbaucells.com\/"},{"@type":"ListItem","position":2,"name":"Cookies POLICITY"}]},{"@type":"WebSite","@id":"https:\/\/grupbaucells.com\/#website","url":"https:\/\/grupbaucells.com\/","name":"Baucells","description":"","publisher":{"@id":"https:\/\/grupbaucells.com\/#organization"},"potentialAction":[{"@type":"SearchAction","target":{"@type":"EntryPoint","urlTemplate":"https:\/\/grupbaucells.com\/?s={search_term_string}"},"query-input":{"@type":"PropertyValueSpecification","valueRequired":true,"valueName":"search_term_string"}}],"inLanguage":"es-cat"},{"@type":"Organization","@id":"https:\/\/grupbaucells.com\/#organization","name":"GRUP BAUCELLS ALIMENTACI\u00d3","url":"https:\/\/grupbaucells.com\/","logo":{"@type":"ImageObject","inLanguage":"es-cat","@id":"https:\/\/grupbaucells.com\/#\/schema\/logo\/image\/","url":"https:\/\/grupbaucells.com\/wp-content\/uploads\/2018\/04\/baucells_new-1.png","contentUrl":"https:\/\/grupbaucells.com\/wp-content\/uploads\/2018\/04\/baucells_new-1.png","width":1243,"height":275,"caption":"GRUP BAUCELLS ALIMENTACI\u00d3"},"image":{"@id":"https:\/\/grupbaucells.com\/#\/schema\/logo\/image\/"},"sameAs":["https:\/\/es.linkedin.com\/company\/grupbaucells?trk=similar-companies_org_image"]}]}},"_links":{"self":[{"href":"https:\/\/grupbaucells.com\/ct\/wp-json\/wp\/v2\/pages\/153","targetHints":{"allow":["GET"]}}],"collection":[{"href":"https:\/\/grupbaucells.com\/ct\/wp-json\/wp\/v2\/pages"}],"about":[{"href":"https:\/\/grupbaucells.com\/ct\/wp-json\/wp\/v2\/types\/page"}],"author":[{"embeddable":true,"href":"https:\/\/grupbaucells.com\/ct\/wp-json\/wp\/v2\/users\/1"}],"replies":[{"embeddable":true,"href":"https:\/\/grupbaucells.com\/ct\/wp-json\/wp\/v2\/comments?post=153"}],"version-history":[{"count":30,"href":"https:\/\/grupbaucells.com\/ct\/wp-json\/wp\/v2\/pages\/153\/revisions"}],"predecessor-version":[{"id":4618,"href":"https:\/\/grupbaucells.com\/ct\/wp-json\/wp\/v2\/pages\/153\/revisions\/4618"}],"wp:attachment":[{"href":"https:\/\/grupbaucells.com\/ct\/wp-json\/wp\/v2\/media?parent=153"}],"curies":[{"name":"wp","href":"https:\/\/api.w.org\/{rel}","templated":true}]}}